{"id":3154,"date":"2019-01-19T15:52:05","date_gmt":"2019-01-19T18:52:05","guid":{"rendered":"http:\/\/climaxrosario.com\/web\/?page_id=3154"},"modified":"2019-01-24T21:20:00","modified_gmt":"2019-01-25T00:20:00","slug":"empresa","status":"publish","type":"page","link":"https:\/\/climaxrosario.com\/web\/empresa\/","title":{"rendered":"Empresa"},"content":{"rendered":"<p>[vc_row tm_bgcolor=\u00bbwhite\u00bb tm_bgimagefixed=\u00bb\u00bb break_in_responsive=\u00bb1200&#8243; full_width=\u00bbstretch_row\u00bb css=\u00bb.vc_custom_1536920811768{padding-bottom: 70px !important;}\u00bb el_class=\u00bbpadding-bottom-15px-991 padding-top-0px-991&#8243;][vc_column tm_bgcolor=\u00bbgrey\u00bb tm_col_bg_expand=\u00bbleft\u00bb width=\u00bb1\/4&#8243; css=\u00bb.vc_custom_1533714802394{padding-top: 70px !important;padding-bottom: 40px !important;}\u00bb][vc_row_inner css=\u00bb.vc_custom_1536908795161{margin-right: -240px !important;}\u00bb tm_responsive_css=\u00bb33389249|colbreak_no||0px|||||||colbreak_no|||||||||colbreak_no||||||||||colbreak_no|||||||||\u00bb][vc_column_inner][vc_single_image image=\u00bb3163&#8243; img_size=\u00bb510*510&#8243; alignment=\u00bbcenter\u00bb el_class=\u00bbttm-custom-margin-all-0px-991&#8243;][\/vc_column_inner][\/vc_row_inner][\/vc_column][vc_column width=\u00bb3\/4&#8243;][vc_row_inner break_in_responsive=\u00bb991&#8243; css=\u00bb.vc_custom_1533709780070{padding-top: 40px !important;}\u00bb][vc_column_inner width=\u00bb1\/4&#8243;][\/vc_column_inner][vc_column_inner reduce_extra_padding=\u00bb991&#8243; width=\u00bb3\/4&#8243; css=\u00bb.vc_custom_1533621740556{padding-top: 23px !important;padding-left: 40px !important;}\u00bb]<div class=\"tm-element-heading-wrapper tm-heading-inner tm-element-align-left tm-seperator-solid tm-heading-style-vertical  vc_custom_1548076232058\"><section class=\"tm-vc_cta3-container\"><div class=\"tm-vc_general tm-vc_cta3 tm-cta3-only tm-vc_cta3-style-classic tm-vc_cta3-shape-rounded tm-vc_cta3-align-left tm-vc_cta3-color-transparent tm-vc_cta3-icon-size-md tm-vc_cta3-actions-no tm-cta3-with-desc\"><div class=\"tm-vc_cta3_content-container\"><div class=\"tm-vc_cta3-content\"><header class=\"tm-vc_cta3-content-header tm-wrap\"><div class=\"tm-vc_cta3-headers tm-wrap-cell\"><h2 class=\"tm-custom-heading \" >Conozca m\u00e1s de <strong>Climax<\/strong><\/h2>\n<\/div><div class=\"heading-seperator\"><span><\/span><\/div><\/header><div class=\"tm-cta3-content-wrapper\"><p><strong>En Climax nos ocupamos en brindar soluciones integrales en materia de climatizaci\u00f3n, brindando a nuestros clientes el confort necesario ajustado a cualquier tipo de necesidad.<\/strong><\/p><\/div><\/div><\/div><\/div><\/section><\/div> <!-- .tm-element-heading-wrapper container --> [vc_column_text]Climax es una empresa especializada en venta de equipos y servicios en acondicionamiento de aire a nivel residencial, comercial e industrial.<br \/>\nLa historia comienza en el a\u00f1o 1970, a trav\u00e9s del Sr. H\u00e9ctor Mosconi, T\u00e9cnico especializado en Climatizaci\u00f3n, quien gracias a su capacidad, experiencia, dedicaci\u00f3n y responsabilidad, logro posicionarse como el soporte de mantenimiento de empresas de relevancia nacional.<\/p>\n<div class=\"wpb_text_column wpb_content_element \">\n<div class=\"wpb_wrapper\">Actualmente, la compa\u00f1\u00eda posee un grupo de profesionales altamente capacitados, para hacer frente a los desaf\u00edos tecnol\u00f3gicos que se presentan en un mercado tan exigente como el actual, brindado soluciones termomec\u00e1nicas integrales de alta eficiencia, prestando nuestros servicios con el fin de satisfacer las necesidades de nuestros clientes.<\/div>\n<\/div>\n<p>[\/vc_column_text][\/vc_column_inner][\/vc_row_inner][\/vc_column][\/vc_row][vc_row tm_bgcolor=\u00bbskincolor\u00bb tm_bgimagefixed=\u00bbtrue\u00bb full_width=\u00bbstretch_row\u00bb css=\u00bb.vc_custom_1537344775121{padding-top: 50px !important;padding-bottom: 45px !important;background-image: url(https:\/\/tectxon.themetechmount.com\/tectxon-data\/wp-content\/uploads\/sites\/8\/2018\/09\/post-img-003.jpg?id=3398) !important;background-position: center !important;background-repeat: no-repeat !important;background-size: cover !important;}\u00bb el_class=\u00bbbox-connect\u00bb][vc_column width=\u00bb1\/4&#8243;]\n\n<div class=\"tm-fid inside tm-fid-with-icon tm-fid-view-topicon tm-fid-with-border\">\n\t<div class=\"tm-fid-icon-wrapper\"><i class=\"kw_tectxon flaticon-factory-2\"><\/i><\/div>\t<div class=\"tm-fld-contents\">\n\t\t<h4 class=\"tm-fid-inner\">\n\t\t\t\t\t\t<span\n\t\t\t\tdata-appear-animation = \"animateDigits\"\n\t\t\t\tdata-from             = \"0\"\n\t\t\t\tdata-to               = \"200\"\n\t\t\t\tdata-interval         = \"100\"\n\t\t\t\tdata-before           = \"\"\n\t\t\t\tdata-before-style     = \"sup\"\n\t\t\t\tdata-after            = \"\"\n\t\t\t\tdata-after-style      = \"sub\"\n\t\t\t\t>\n\t\t\t\t\t200\t\t\t<\/span>\n\t\t\t\t\t<\/h4>\n\t\t<h3 class=\"tm-fid-title\"><span>Empresas Asesoradas<br><\/span><\/h3>\n\t<\/div><!-- .tm-fld-contents -->\n\t<\/div>\n\n\n\n[\/vc_column][vc_column width=\u00bb1\/4&#8243;]\n\n<div class=\"tm-fid inside tm-fid-with-icon tm-fid-view-topicon tm-fid-with-border\">\n\t<div class=\"tm-fid-icon-wrapper\"><i class=\"kw_tectxon flaticon-worker-1\"><\/i><\/div>\t<div class=\"tm-fld-contents\">\n\t\t<h4 class=\"tm-fid-inner\">\n\t\t\t\t\t\t<span\n\t\t\t\tdata-appear-animation = \"animateDigits\"\n\t\t\t\tdata-from             = \"0\"\n\t\t\t\tdata-to               = \"650\"\n\t\t\t\tdata-interval         = \"100\"\n\t\t\t\tdata-before           = \"\"\n\t\t\t\tdata-before-style     = \"sup\"\n\t\t\t\tdata-after            = \"\"\n\t\t\t\tdata-after-style      = \"sub\"\n\t\t\t\t>\n\t\t\t\t\t650\t\t\t<\/span>\n\t\t\t\t\t<\/h4>\n\t\t<h3 class=\"tm-fid-title\"><span>Clientes Residenciales<br><\/span><\/h3>\n\t<\/div><!-- .tm-fld-contents -->\n\t<\/div>\n\n\n\n[\/vc_column][vc_column width=\u00bb1\/4&#8243;]\n\n<div class=\"tm-fid inside tm-fid-with-icon tm-fid-view-topicon tm-fid-with-border\">\n\t<div class=\"tm-fid-icon-wrapper\"><i class=\"kw_tectxon flaticon-conveyor\"><\/i><\/div>\t<div class=\"tm-fld-contents\">\n\t\t<h4 class=\"tm-fid-inner\">\n\t\t\t\t\t\t<span\n\t\t\t\tdata-appear-animation = \"animateDigits\"\n\t\t\t\tdata-from             = \"0\"\n\t\t\t\tdata-to               = \"3500\"\n\t\t\t\tdata-interval         = \"100\"\n\t\t\t\tdata-before           = \"\"\n\t\t\t\tdata-before-style     = \"sup\"\n\t\t\t\tdata-after            = \"\"\n\t\t\t\tdata-after-style      = \"sub\"\n\t\t\t\t>\n\t\t\t\t\t3500\t\t\t<\/span>\n\t\t\t\t\t<\/h4>\n\t\t<h3 class=\"tm-fid-title\"><span>Instalaciones Exitosas<br><\/span><\/h3>\n\t<\/div><!-- .tm-fld-contents -->\n\t<\/div>\n\n\n\n[\/vc_column][vc_column width=\u00bb1\/4&#8243;]\n\n<div class=\"tm-fid inside tm-fid-with-icon tm-fid-view-topicon tm-fid-with-border\">\n\t<div class=\"tm-fid-icon-wrapper\"><i class=\"kw_tectxon flaticon-worker\"><\/i><\/div>\t<div class=\"tm-fld-contents\">\n\t\t<h4 class=\"tm-fid-inner\">\n\t\t\t\t\t\t<span\n\t\t\t\tdata-appear-animation = \"animateDigits\"\n\t\t\t\tdata-from             = \"0\"\n\t\t\t\tdata-to               = \"9\"\n\t\t\t\tdata-interval         = \"1\"\n\t\t\t\tdata-before           = \"\"\n\t\t\t\tdata-before-style     = \"sup\"\n\t\t\t\tdata-after            = \"\"\n\t\t\t\tdata-after-style      = \"sub\"\n\t\t\t\t>\n\t\t\t\t\t9\t\t\t<\/span>\n\t\t\t\t\t<\/h4>\n\t\t<h3 class=\"tm-fid-title\"><span>Operadores<br><\/span><\/h3>\n\t<\/div><!-- .tm-fld-contents -->\n\t<\/div>\n\n\n\n[\/vc_column][\/vc_row][vc_row tm_bgcolor=\u00bbwhite\u00bb tm_bgimagefixed=\u00bb\u00bb full_width=\u00bbstretch_row\u00bb css=\u00bb.vc_custom_1536908646361{padding-top: 90px !important;padding-bottom: 62px !important;}\u00bb][vc_column]<div class=\"tm-element-heading-wrapper tm-heading-inner tm-element-align-center tm-seperator-solid tm-heading-style-vertical \"><section class=\"tm-vc_cta3-container\"><div class=\"tm-vc_general tm-vc_cta3 tm-cta3-only tm-vc_cta3-style-classic tm-vc_cta3-shape-rounded tm-vc_cta3-align-center tm-vc_cta3-color-transparent tm-vc_cta3-icon-size-md tm-vc_cta3-actions-no tm-cta3-without-desc\"><div class=\"tm-vc_cta3_content-container\"><div class=\"tm-vc_cta3-content\"><header class=\"tm-vc_cta3-content-header tm-wrap\"><div class=\"tm-vc_cta3-headers tm-wrap-cell\"><h4 class=\"tm-custom-heading \" >ALGUNOS CLIENTES<\/h4>\n<h2 class=\"tm-custom-heading \" >Quienes ya conf\u00edan en nosotros<\/h2>\n<\/div><div class=\"heading-seperator\"><span><\/span><\/div><\/header><\/div><\/div><\/div><\/section><\/div> <!-- .tm-element-heading-wrapper container --> <div class=\"themetechmount-boxes themetechmount-boxes-client themetechmount-boxes-view-carousel themetechmount-boxes-col-four themetechmount-boxes-sortable- themetechmount-boxes-textalign-center themetechmount-boxes-sortablebutton- tm-boxes-carousel-arrow- tm-boxes-carousel-arrows-side vc_custom_1548375611386\" data-tm-speed=\"1500\" data-tm-autoplay=\"1\" data-tm-autoplayspeed=\"4500\" data-tm-loop=\"1\" data-tm-dots=\"0\" data-tm-nav=\"1\" data-tm-centermode=\"0\" data-tm-pauseonfocus=\"1\" data-tm-pauseonhover=\"0\" data-tm-slidestoscroll=\"column\" data-tm-effecttype=\"slide\">\n\t\t<div class=\"themetechmount-boxes-inner themetechmount-boxes-client-inner \">\n\t\t\t\n\t\t\t<div class=\"row multi-columns-row themetechmount-boxes-row-wrapper\">\n\t\t\t\t<div class=\"tm-box-col-wrapper col-lg-3 col-sm-6 col-md-3 col-xs-12 \"><div class=\"tm-client-logo-box-w\"><div class=\"tm-client-logo-tooltip\" data-tooltip=\"La Vendetta\"><span class=\"themetechmount-box themetechmount-box-client themetechmount-box-view-boxed-logo themetechmount-client-box-view-boxed-logo\">\n\t\n\t\t<span class=\"themetechmount-item-thumbnail\">\n\t\t\t<span class=\"themetechmount-item-thumbnail-inner\">\n\t\t\t\t<img loading=\"lazy\" decoding=\"async\" width=\"200\" height=\"90\" src=\"https:\/\/climaxrosario.com\/web\/wp-content\/uploads\/2019\/01\/logo-vendetta.png\" class=\"attachment-full size-full wp-post-image\" alt=\"\" \/>\n\t\t\t<\/span>\n\t\t<\/span><\/span>\n<\/div><\/div><!-- .tm-client-logo-box-w --> <\/div><div class=\"tm-box-col-wrapper col-lg-3 col-sm-6 col-md-3 col-xs-12 \"><div class=\"tm-client-logo-box-w\"><div class=\"tm-client-logo-tooltip\" data-tooltip=\"Supervielle\"><span class=\"themetechmount-box themetechmount-box-client themetechmount-box-view-boxed-logo themetechmount-client-box-view-boxed-logo\">\n\t\n\t\t<span class=\"themetechmount-item-thumbnail\">\n\t\t\t<span class=\"themetechmount-item-thumbnail-inner\">\n\t\t\t\t<img loading=\"lazy\" decoding=\"async\" width=\"200\" height=\"90\" src=\"https:\/\/climaxrosario.com\/web\/wp-content\/uploads\/2019\/01\/logo-supervielle.png\" class=\"attachment-full size-full wp-post-image\" alt=\"\" \/>\n\t\t\t<\/span>\n\t\t<\/span><\/span>\n<\/div><\/div><!-- .tm-client-logo-box-w --> <\/div><div class=\"tm-box-col-wrapper col-lg-3 col-sm-6 col-md-3 col-xs-12 \"><div class=\"tm-client-logo-box-w\"><div class=\"tm-client-logo-tooltip\" data-tooltip=\"Sancor Seguros\"><span class=\"themetechmount-box themetechmount-box-client themetechmount-box-view-boxed-logo themetechmount-client-box-view-boxed-logo\">\n\t\n\t\t<span class=\"themetechmount-item-thumbnail\">\n\t\t\t<span class=\"themetechmount-item-thumbnail-inner\">\n\t\t\t\t<img loading=\"lazy\" decoding=\"async\" width=\"200\" height=\"90\" src=\"https:\/\/climaxrosario.com\/web\/wp-content\/uploads\/2019\/01\/logo-sancor.png\" class=\"attachment-full size-full wp-post-image\" alt=\"\" \/>\n\t\t\t<\/span>\n\t\t<\/span><\/span>\n<\/div><\/div><!-- .tm-client-logo-box-w --> <\/div><div class=\"tm-box-col-wrapper col-lg-3 col-sm-6 col-md-3 col-xs-12 \"><div class=\"tm-client-logo-box-w\"><div class=\"tm-client-logo-tooltip\" data-tooltip=\"Renault\"><span class=\"themetechmount-box themetechmount-box-client themetechmount-box-view-boxed-logo themetechmount-client-box-view-boxed-logo\">\n\t\n\t\t<span class=\"themetechmount-item-thumbnail\">\n\t\t\t<span class=\"themetechmount-item-thumbnail-inner\">\n\t\t\t\t<img loading=\"lazy\" decoding=\"async\" width=\"200\" height=\"90\" src=\"https:\/\/climaxrosario.com\/web\/wp-content\/uploads\/2019\/01\/logo-renault.png\" class=\"attachment-full size-full wp-post-image\" alt=\"\" \/>\n\t\t\t<\/span>\n\t\t<\/span><\/span>\n<\/div><\/div><!-- .tm-client-logo-box-w --> <\/div><div class=\"tm-box-col-wrapper col-lg-3 col-sm-6 col-md-3 col-xs-12 \"><div class=\"tm-client-logo-box-w\"><div class=\"tm-client-logo-tooltip\" data-tooltip=\"Petrobras\"><span class=\"themetechmount-box themetechmount-box-client themetechmount-box-view-boxed-logo themetechmount-client-box-view-boxed-logo\">\n\t\n\t\t<span class=\"themetechmount-item-thumbnail\">\n\t\t\t<span class=\"themetechmount-item-thumbnail-inner\">\n\t\t\t\t<img loading=\"lazy\" decoding=\"async\" width=\"200\" height=\"90\" src=\"https:\/\/climaxrosario.com\/web\/wp-content\/uploads\/2019\/01\/logo-petrobras.png\" class=\"attachment-full size-full wp-post-image\" alt=\"\" \/>\n\t\t\t<\/span>\n\t\t<\/span><\/span>\n<\/div><\/div><!-- .tm-client-logo-box-w --> <\/div><div class=\"tm-box-col-wrapper col-lg-3 col-sm-6 col-md-3 col-xs-12 \"><div class=\"tm-client-logo-box-w\"><div class=\"tm-client-logo-tooltip\" data-tooltip=\"Osde\"><span class=\"themetechmount-box themetechmount-box-client themetechmount-box-view-boxed-logo themetechmount-client-box-view-boxed-logo\">\n\t\n\t\t<span class=\"themetechmount-item-thumbnail\">\n\t\t\t<span class=\"themetechmount-item-thumbnail-inner\">\n\t\t\t\t<img loading=\"lazy\" decoding=\"async\" width=\"200\" height=\"90\" src=\"https:\/\/climaxrosario.com\/web\/wp-content\/uploads\/2019\/01\/logo-osde.png\" class=\"attachment-full size-full wp-post-image\" alt=\"\" \/>\n\t\t\t<\/span>\n\t\t<\/span><\/span>\n<\/div><\/div><!-- .tm-client-logo-box-w --> <\/div><div class=\"tm-box-col-wrapper col-lg-3 col-sm-6 col-md-3 col-xs-12 \"><div class=\"tm-client-logo-box-w\"><div class=\"tm-client-logo-tooltip\" data-tooltip=\"Noble Agri\"><span class=\"themetechmount-box themetechmount-box-client themetechmount-box-view-boxed-logo themetechmount-client-box-view-boxed-logo\">\n\t\n\t\t<span class=\"themetechmount-item-thumbnail\">\n\t\t\t<span class=\"themetechmount-item-thumbnail-inner\">\n\t\t\t\t<img loading=\"lazy\" decoding=\"async\" width=\"200\" height=\"90\" src=\"https:\/\/climaxrosario.com\/web\/wp-content\/uploads\/2019\/01\/logo-noble.png\" class=\"attachment-full size-full wp-post-image\" alt=\"\" \/>\n\t\t\t<\/span>\n\t\t<\/span><\/span>\n<\/div><\/div><!-- .tm-client-logo-box-w --> <\/div><div class=\"tm-box-col-wrapper col-lg-3 col-sm-6 col-md-3 col-xs-12 \"><div class=\"tm-client-logo-box-w\"><div class=\"tm-client-logo-tooltip\" data-tooltip=\"ISS\"><span class=\"themetechmount-box themetechmount-box-client themetechmount-box-view-boxed-logo themetechmount-client-box-view-boxed-logo\">\n\t\n\t\t<span class=\"themetechmount-item-thumbnail\">\n\t\t\t<span class=\"themetechmount-item-thumbnail-inner\">\n\t\t\t\t<img loading=\"lazy\" decoding=\"async\" width=\"200\" height=\"90\" src=\"https:\/\/climaxrosario.com\/web\/wp-content\/uploads\/2019\/01\/logo-iss.png\" class=\"attachment-full size-full wp-post-image\" alt=\"\" \/>\n\t\t\t<\/span>\n\t\t<\/span><\/span>\n<\/div><\/div><!-- .tm-client-logo-box-w --> <\/div><div class=\"tm-box-col-wrapper col-lg-3 col-sm-6 col-md-3 col-xs-12 \"><div class=\"tm-client-logo-box-w\"><div class=\"tm-client-logo-tooltip\" data-tooltip=\"Grupo Oro\u00f1o\"><span class=\"themetechmount-box themetechmount-box-client themetechmount-box-view-boxed-logo themetechmount-client-box-view-boxed-logo\">\n\t\n\t\t<span class=\"themetechmount-item-thumbnail\">\n\t\t\t<span class=\"themetechmount-item-thumbnail-inner\">\n\t\t\t\t<img loading=\"lazy\" decoding=\"async\" width=\"200\" height=\"90\" src=\"https:\/\/climaxrosario.com\/web\/wp-content\/uploads\/2019\/01\/logo-grupoorono.png\" class=\"attachment-full size-full wp-post-image\" alt=\"\" \/>\n\t\t\t<\/span>\n\t\t<\/span><\/span>\n<\/div><\/div><!-- .tm-client-logo-box-w --> <\/div><div class=\"tm-box-col-wrapper col-lg-3 col-sm-6 col-md-3 col-xs-12 \"><div class=\"tm-client-logo-box-w\"><div class=\"tm-client-logo-tooltip\" data-tooltip=\"Funcional\"><span class=\"themetechmount-box themetechmount-box-client themetechmount-box-view-boxed-logo themetechmount-client-box-view-boxed-logo\">\n\t\n\t\t<span class=\"themetechmount-item-thumbnail\">\n\t\t\t<span class=\"themetechmount-item-thumbnail-inner\">\n\t\t\t\t<img loading=\"lazy\" decoding=\"async\" width=\"200\" height=\"90\" src=\"https:\/\/climaxrosario.com\/web\/wp-content\/uploads\/2019\/01\/logo-funcional.png\" class=\"attachment-full size-full wp-post-image\" alt=\"\" \/>\n\t\t\t<\/span>\n\t\t<\/span><\/span>\n<\/div><\/div><!-- .tm-client-logo-box-w --> <\/div><div class=\"tm-box-col-wrapper col-lg-3 col-sm-6 col-md-3 col-xs-12 \"><div class=\"tm-client-logo-box-w\"><div class=\"tm-client-logo-tooltip\" data-tooltip=\"EDS\"><span class=\"themetechmount-box themetechmount-box-client themetechmount-box-view-boxed-logo themetechmount-client-box-view-boxed-logo\">\n\t\n\t\t<span class=\"themetechmount-item-thumbnail\">\n\t\t\t<span class=\"themetechmount-item-thumbnail-inner\">\n\t\t\t\t<img loading=\"lazy\" decoding=\"async\" width=\"200\" height=\"90\" src=\"https:\/\/climaxrosario.com\/web\/wp-content\/uploads\/2019\/01\/logo-eds.png\" class=\"attachment-full size-full wp-post-image\" alt=\"\" \/>\n\t\t\t<\/span>\n\t\t<\/span><\/span>\n<\/div><\/div><!-- .tm-client-logo-box-w --> <\/div><div class=\"tm-box-col-wrapper col-lg-3 col-sm-6 col-md-3 col-xs-12 \"><div class=\"tm-client-logo-box-w\"><div class=\"tm-client-logo-tooltip\" data-tooltip=\"Cirval\"><span class=\"themetechmount-box themetechmount-box-client themetechmount-box-view-boxed-logo themetechmount-client-box-view-boxed-logo\">\n\t\n\t\t<span class=\"themetechmount-item-thumbnail\">\n\t\t\t<span class=\"themetechmount-item-thumbnail-inner\">\n\t\t\t\t<img loading=\"lazy\" decoding=\"async\" width=\"200\" height=\"90\" src=\"https:\/\/climaxrosario.com\/web\/wp-content\/uploads\/2019\/01\/logo-cirval.png\" class=\"attachment-full size-full wp-post-image\" alt=\"\" \/>\n\t\t\t<\/span>\n\t\t<\/span><\/span>\n<\/div><\/div><!-- .tm-client-logo-box-w --> <\/div><div class=\"tm-box-col-wrapper col-lg-3 col-sm-6 col-md-3 col-xs-12 \"><div class=\"tm-client-logo-box-w\"><div class=\"tm-client-logo-tooltip\" data-tooltip=\"Calzavara\"><span class=\"themetechmount-box themetechmount-box-client themetechmount-box-view-boxed-logo themetechmount-client-box-view-boxed-logo\">\n\t\n\t\t<span class=\"themetechmount-item-thumbnail\">\n\t\t\t<span class=\"themetechmount-item-thumbnail-inner\">\n\t\t\t\t<img loading=\"lazy\" decoding=\"async\" width=\"200\" height=\"90\" src=\"https:\/\/climaxrosario.com\/web\/wp-content\/uploads\/2019\/01\/logo-calzavara.png\" class=\"attachment-full size-full wp-post-image\" alt=\"\" \/>\n\t\t\t<\/span>\n\t\t<\/span><\/span>\n<\/div><\/div><!-- .tm-client-logo-box-w --> <\/div><div class=\"tm-box-col-wrapper col-lg-3 col-sm-6 col-md-3 col-xs-12 \"><div class=\"tm-client-logo-box-w\"><div class=\"tm-client-logo-tooltip\" data-tooltip=\"Bertec\"><span class=\"themetechmount-box themetechmount-box-client themetechmount-box-view-boxed-logo themetechmount-client-box-view-boxed-logo\">\n\t\n\t\t<span class=\"themetechmount-item-thumbnail\">\n\t\t\t<span class=\"themetechmount-item-thumbnail-inner\">\n\t\t\t\t<img loading=\"lazy\" decoding=\"async\" width=\"200\" height=\"90\" src=\"https:\/\/climaxrosario.com\/web\/wp-content\/uploads\/2019\/01\/logo-bertec.png\" class=\"attachment-full size-full wp-post-image\" alt=\"\" \/>\n\t\t\t<\/span>\n\t\t<\/span><\/span>\n<\/div><\/div><!-- .tm-client-logo-box-w --> <\/div><div class=\"tm-box-col-wrapper col-lg-3 col-sm-6 col-md-3 col-xs-12 \"><div class=\"tm-client-logo-box-w\"><div class=\"tm-client-logo-tooltip\" data-tooltip=\"Abrasivos Argentinos SAIC\"><span class=\"themetechmount-box themetechmount-box-client themetechmount-box-view-boxed-logo themetechmount-client-box-view-boxed-logo\">\n\t\n\t\t<span class=\"themetechmount-item-thumbnail\">\n\t\t\t<span class=\"themetechmount-item-thumbnail-inner\">\n\t\t\t\t<img loading=\"lazy\" decoding=\"async\" width=\"200\" height=\"90\" src=\"https:\/\/climaxrosario.com\/web\/wp-content\/uploads\/2018\/05\/logo-abrasivos.png\" class=\"attachment-full size-full wp-post-image\" alt=\"\" \/>\n\t\t\t<\/span>\n\t\t<\/span><\/span>\n<\/div><\/div><!-- .tm-client-logo-box-w --> <\/div><div class=\"tm-box-col-wrapper col-lg-3 col-sm-6 col-md-3 col-xs-12 \"><div class=\"tm-client-logo-box-w\"><div class=\"tm-client-logo-tooltip\" data-tooltip=\"Milicic\"><span class=\"themetechmount-box themetechmount-box-client themetechmount-box-view-boxed-logo themetechmount-client-box-view-boxed-logo\">\n\t\n\t\t<span class=\"themetechmount-item-thumbnail\">\n\t\t\t<span class=\"themetechmount-item-thumbnail-inner\">\n\t\t\t\t<img loading=\"lazy\" decoding=\"async\" width=\"200\" height=\"90\" src=\"https:\/\/climaxrosario.com\/web\/wp-content\/uploads\/2018\/05\/logo-milicic.png\" class=\"attachment-full size-full wp-post-image\" alt=\"\" \/>\n\t\t\t<\/span>\n\t\t<\/span><\/span>\n<\/div><\/div><!-- .tm-client-logo-box-w --> <\/div>\n\t\t\t<\/div>\n\t\t<\/div><!-- .themetechmount-boxes-inner -->   <\/div><!-- .themetechmount-boxes -->  [\/vc_column][\/vc_row]<\/p>\n","protected":false},"excerpt":{"rendered":"<p>[vc_row tm_bgcolor=\u00bbwhite\u00bb tm_bgimagefixed=\u00bb\u00bb break_in_responsive=\u00bb1200&#8243; full_width=\u00bbstretch_row\u00bb css=\u00bb.vc_custom_1536920811768{padding-bottom: 70px !important;}\u00bb el_class=\u00bbpadding-bottom-15px-991 padding-top-0px-991&#8243;][vc_column tm_bgcolor=\u00bbgrey\u00bb tm_col_bg_expand=\u00bbleft\u00bb width=\u00bb1\/4&#8243; css=\u00bb.vc_custom_1533714802394{padding-top: 70px !important;padding-bottom: 40px !important;}\u00bb][vc_row_inner css=\u00bb.vc_custom_1536908795161{margin-right: -240px !important;}\u00bb tm_responsive_css=\u00bb33389249|colbreak_no||0px|||||||colbreak_no|||||||||colbreak_no||||||||||colbreak_no|||||||||\u00bb][vc_column_inner][vc_single_image image=\u00bb3163&#8243; img_size=\u00bb510*510&#8243; alignment=\u00bbcenter\u00bb el_class=\u00bbttm-custom-margin-all-0px-991&#8243;][\/vc_column_inner][\/vc_row_inner][\/vc_column][vc_column width=\u00bb3\/4&#8243;][vc_row_inner break_in_responsive=\u00bb991&#8243; css=\u00bb.vc_custom_1533709780070{padding-top: 40px !important;}\u00bb][vc_column_inner width=\u00bb1\/4&#8243;][\/vc_column_inner][vc_column_inner reduce_extra_padding=\u00bb991&#8243; width=\u00bb3\/4&#8243; css=\u00bb.vc_custom_1533621740556{padding-top: 23px !important;padding-left: 40px !important;}\u00bb][vc_column_text]Climax es una empresa especializada en venta de equipos y servicios en acondicionamiento de aire a nivel &hellip; <a href=\"https:\/\/climaxrosario.com\/web\/client\/excavator\/\" class=\"more-link\">Continue reading <span class=\"screen-reader-text\">Milicic<\/span><\/a><\/p>\n","protected":false},"author":2,"featured_media":0,"parent":0,"menu_order":0,"comment_status":"closed","ping_status":"closed","template":"","meta":{"footnotes":""},"class_list":["post-3154","page","type-page","status-publish","hentry"],"_links":{"self":[{"href":"https:\/\/climaxrosario.com\/web\/wp-json\/wp\/v2\/pages\/3154","targetHints":{"allow":["GET"]}}],"collection":[{"href":"https:\/\/climaxrosario.com\/web\/wp-json\/wp\/v2\/pages"}],"about":[{"href":"https:\/\/climaxrosario.com\/web\/wp-json\/wp\/v2\/types\/page"}],"author":[{"embeddable":true,"href":"https:\/\/climaxrosario.com\/web\/wp-json\/wp\/v2\/users\/2"}],"replies":[{"embeddable":true,"href":"https:\/\/climaxrosario.com\/web\/wp-json\/wp\/v2\/comments?post=3154"}],"version-history":[{"count":13,"href":"https:\/\/climaxrosario.com\/web\/wp-json\/wp\/v2\/pages\/3154\/revisions"}],"predecessor-version":[{"id":3270,"href":"https:\/\/climaxrosario.com\/web\/wp-json\/wp\/v2\/pages\/3154\/revisions\/3270"}],"wp:attachment":[{"href":"https:\/\/climaxrosario.com\/web\/wp-json\/wp\/v2\/media?parent=3154"}],"curies":[{"name":"wp","href":"https:\/\/api.w.org\/{rel}","templated":true}]}}