{"id":3242,"date":"2019-01-22T15:06:12","date_gmt":"2019-01-22T18:06:12","guid":{"rendered":"http:\/\/climaxrosario.com\/web\/?page_id=3242"},"modified":"2020-02-06T15:17:31","modified_gmt":"2020-02-06T18:17:31","slug":"calefaccion","status":"publish","type":"page","link":"https:\/\/climaxrosario.com\/web\/calefaccion\/","title":{"rendered":"Calefacci\u00f3n"},"content":{"rendered":"<p>[vc_row tm_bgimagefixed=\u00bb\u00bb full_width=\u00bbstretch_row\u00bb][vc_column][vc_tta_tabs style=\u00bbflat\u00bb shape=\u00bbrounded\u00bb spacing=\u00bb4&#8243; active_section=\u00bb1&#8243;][vc_tta_section i_type=\u00bbmaterial\u00bb i_icon_material=\u00bbvc-material vc-material-ac_unit\u00bb add_icon=\u00bbtrue\u00bb title=\u00bbCalderas\u00bb tab_id=\u00bbcalderas\u00bb][vc_row_inner css=\u00bb.vc_custom_1548433305741{padding-top: 35px !important;}\u00bb][vc_column_inner width=\u00bb2\/3&#8243;]<h3 style=\"text-align:left;\" class=\"tm-custom-heading \" >Qu\u00e9 es una caldera?<\/h3>\n[vc_column_text]En los sistemas de calefacci\u00f3n, es el artefacto en el que se calienta un caloportador, generalmente agua, por medio de un combustible o resistencia el\u00e9ctrica, que luego se distribuir\u00e1 por los emisores mediante una red de tuber\u00edas. Estas calderas pueden, ademas de climatizar el hogar, proveer de agua caliente a toda la casa. Estas ultimas, se denominan de doble servicio.[\/vc_column_text]<h3 style=\"text-align:left;\" class=\"tm-custom-heading \" >Seg\u00fan el tipo de combusti\u00f3n<\/h3>\n[vc_column_text]<strong>Tiro natural:<\/strong><br \/>\nLas de Tiro Natural cuentan con un circuito que toma el aire necesario para la combusti\u00f3n del propio local donde est\u00e1 instalada y expulsa los gases al exterior por un tubo de evacuaci\u00f3n que aprovecha el efecto chimenea (tiro natural). Por motivos de seguridad, es muy importante garantizar el tiro de la chimenea para evitar el retroceso de los humos hacia la propia caldera y al interior de la vivienda. En estas calderas, -seg\u00fan sea el sistema de encendido-, hay modelos con o sin llama piloto, ya que la llama principal se enciende directamente lo que permite, aunque menor, un ahorro de consumo energ\u00e9tico.<\/p>\n<p><strong>Tiro forzado:<\/strong><br \/>\nPor su parte en las calderas abiertas de tiro forzado, la combusti\u00f3n se realiza tambi\u00e9n con el aire del local donde est\u00e1 instalada, pero, -a diferencia de las anteriores-, los gases se expulsan por medio de un ventilador (tiro forzado) y se conducen al exterior por un conducto espec\u00edfico.[\/vc_column_text][\/vc_column_inner][vc_column_inner width=\u00bb1\/3&#8243;][vc_single_image image=\u00bb3316&#8243; img_size=\u00bbfull\u00bb alignment=\u00bbcenter\u00bb style=\u00bbvc_box_rounded\u00bb][\/vc_column_inner][\/vc_row_inner][vc_row_inner][vc_column_inner]<div class=\"themetechmount-boxes themetechmount-boxes-blog themetechmount-boxes-view-default themetechmount-boxes-col-three themetechmount-boxes-sortable-no themetechmount-boxes-textalign-center themetechmount-boxes-sortablebutton-\">\n\t\t<div class=\"themetechmount-boxes-inner themetechmount-boxes-blog-inner \"><\/div><!-- .themetechmount-boxes-inner -->   <\/div><!-- .themetechmount-boxes -->  [\/vc_column_inner][\/vc_row_inner][\/vc_tta_section][vc_tta_section i_type=\u00bbmaterial\u00bb i_icon_material=\u00bbvc-material vc-material-ac_unit\u00bb add_icon=\u00bbtrue\u00bb title=\u00bbRadiadores\u00bb tab_id=\u00bbradiadores\u00bb][vc_row_inner css=\u00bb.vc_custom_1548433305741{padding-top: 35px !important;}\u00bb][vc_column_inner width=\u00bb2\/3&#8243;]<h3 style=\"text-align:left;\" class=\"tm-custom-heading \" >Qu\u00e9 es un radiador de calefacci\u00f3n?<\/h3>\n[vc_column_text]Un radiador es un tipo de emisor de calor. Su funci\u00f3n es intercambiar calor del sistema de calefacci\u00f3n para cederlo al ambiente, y es un dispositivo sin partes m\u00f3viles ni producci\u00f3n de calor. Forma parte de las instalaciones centralizadas de calefacci\u00f3n. Recomendado para la calefacci\u00f3n de viviendas unifamiliares, comercios y pisos de departamentos, debido a su alto nivel de confort y seguridad. Brindando calefacci\u00f3n de forma pareja y r\u00e1pida por su baja inercia,permitiendo ahorrar energ\u00eda.[\/vc_column_text][\/vc_column_inner][vc_column_inner width=\u00bb1\/3&#8243;][vc_single_image image=\u00bb3317&#8243; img_size=\u00bbfull\u00bb alignment=\u00bbcenter\u00bb style=\u00bbvc_box_rounded\u00bb][\/vc_column_inner][\/vc_row_inner][vc_row_inner][vc_column_inner]<div class=\"themetechmount-boxes themetechmount-boxes-blog themetechmount-boxes-view-default themetechmount-boxes-col-three themetechmount-boxes-sortable-no themetechmount-boxes-textalign-center themetechmount-boxes-sortablebutton-\">\n\t\t<div class=\"themetechmount-boxes-inner themetechmount-boxes-blog-inner \"><\/div><!-- .themetechmount-boxes-inner -->   <\/div><!-- .themetechmount-boxes -->  [\/vc_column_inner][\/vc_row_inner][\/vc_tta_section][vc_tta_section i_type=\u00bbmaterial\u00bb i_icon_material=\u00bbvc-material vc-material-ac_unit\u00bb add_icon=\u00bbtrue\u00bb title=\u00bbPisos radiantes\u00bb tab_id=\u00bbpisos-radiantes\u00bb][vc_row_inner css=\u00bb.vc_custom_1548433305741{padding-top: 35px !important;}\u00bb][vc_column_inner width=\u00bb2\/3&#8243;]<h3 style=\"text-align:left;\" class=\"tm-custom-heading \" >Qu\u00e9 es un piso radiante?<\/h3>\n[vc_column_text]Se denomina piso radiante o losa radiante al sistema de calefacci\u00f3n que emplea uno de los paramentos de un local como emisor de calor. El emisor puede ser cualquiera de los paramentos de los locales a calefactar (suelo, paredes o techo), pero lo m\u00e1s corriente es emplear el suelo. Dada la extensi\u00f3n superficial del emisor se emplean bajas temperaturas, porque la emisi\u00f3n depende de la diferencia de temperaturas entre el emisor y el ambiente y de la superficie del emisor (a mayor superficie de emisi\u00f3n ser\u00e1 necesaria una diferencia de temperaturas menor). Algunas normativas limitan esta temperatura del suelo a 28 o 29 \u00baC. Existen dos tipos, por agua caliente (ca\u00f1er\u00edas), o por electricidad.[\/vc_column_text][\/vc_column_inner][vc_column_inner width=\u00bb1\/3&#8243;][vc_single_image image=\u00bb3318&#8243; img_size=\u00bbfull\u00bb alignment=\u00bbcenter\u00bb style=\u00bbvc_box_rounded\u00bb][\/vc_column_inner][\/vc_row_inner][vc_row_inner][vc_column_inner]<div class=\"themetechmount-boxes themetechmount-boxes-blog themetechmount-boxes-view-default themetechmount-boxes-col-three themetechmount-boxes-sortable-no themetechmount-boxes-textalign-center themetechmount-boxes-sortablebutton-\">\n\t\t<div class=\"themetechmount-boxes-inner themetechmount-boxes-blog-inner \"><\/div><!-- .themetechmount-boxes-inner -->   <\/div><!-- .themetechmount-boxes -->  [\/vc_column_inner][\/vc_row_inner][\/vc_tta_section][vc_tta_section i_type=\u00bbmaterial\u00bb i_icon_material=\u00bbvc-material vc-material-ac_unit\u00bb add_icon=\u00bbtrue\u00bb title=\u00bbCalefactores\u00bb tab_id=\u00bbcalefactores\u00bb][vc_row_inner css=\u00bb.vc_custom_1548433305741{padding-top: 35px !important;}\u00bb][vc_column_inner width=\u00bb2\/3&#8243;]<h3 style=\"text-align:left;\" class=\"tm-custom-heading \" >Calefactores para conductos<\/h3>\n[vc_column_text]Sin descripci\u00f3n disponible&#8230;[\/vc_column_text][\/vc_column_inner][vc_column_inner width=\u00bb1\/3&#8243;][vc_single_image image=\u00bb3319&#8243; img_size=\u00bbfull\u00bb alignment=\u00bbcenter\u00bb style=\u00bbvc_box_rounded\u00bb][\/vc_column_inner][\/vc_row_inner][vc_row_inner][vc_column_inner]<div class=\"themetechmount-boxes themetechmount-boxes-blog themetechmount-boxes-view-default themetechmount-boxes-col-three themetechmount-boxes-sortable-no themetechmount-boxes-textalign-center themetechmount-boxes-sortablebutton-\">\n\t\t<div class=\"themetechmount-boxes-inner themetechmount-boxes-blog-inner \"><\/div><!-- .themetechmount-boxes-inner -->   <\/div><!-- .themetechmount-boxes -->  [\/vc_column_inner][\/vc_row_inner][\/vc_tta_section][\/vc_tta_tabs][\/vc_column][\/vc_row]<\/p>\n","protected":false},"excerpt":{"rendered":"<p>[vc_row tm_bgimagefixed=\u00bb\u00bb full_width=\u00bbstretch_row\u00bb][vc_column][vc_tta_tabs style=\u00bbflat\u00bb shape=\u00bbrounded\u00bb spacing=\u00bb4&#8243; active_section=\u00bb1&#8243;][vc_tta_section i_type=\u00bbmaterial\u00bb i_icon_material=\u00bbvc-material vc-material-ac_unit\u00bb add_icon=\u00bbtrue\u00bb title=\u00bbCalderas\u00bb tab_id=\u00bbcalderas\u00bb][vc_row_inner css=\u00bb.vc_custom_1548433305741{padding-top: 35px !important;}\u00bb][vc_column_inner width=\u00bb2\/3&#8243;][vc_column_text]En los sistemas de calefacci\u00f3n, es el artefacto en el que se calienta un caloportador, generalmente agua, por medio de un combustible o resistencia el\u00e9ctrica, que luego se distribuir\u00e1 por los emisores mediante una red de tuber\u00edas. Estas calderas &hellip; <a href=\"https:\/\/climaxrosario.com\/web\/calefaccion\/\" class=\"more-link\">Continue reading <span class=\"screen-reader-text\">Calefacci\u00f3n<\/span><\/a><\/p>\n","protected":false},"author":3,"featured_media":0,"parent":0,"menu_order":0,"comment_status":"closed","ping_status":"closed","template":"","meta":{"footnotes":""},"class_list":["post-3242","page","type-page","status-publish","hentry"],"_links":{"self":[{"href":"https:\/\/climaxrosario.com\/web\/wp-json\/wp\/v2\/pages\/3242","targetHints":{"allow":["GET"]}}],"collection":[{"href":"https:\/\/climaxrosario.com\/web\/wp-json\/wp\/v2\/pages"}],"about":[{"href":"https:\/\/climaxrosario.com\/web\/wp-json\/wp\/v2\/types\/page"}],"author":[{"embeddable":true,"href":"https:\/\/climaxrosario.com\/web\/wp-json\/wp\/v2\/users\/3"}],"replies":[{"embeddable":true,"href":"https:\/\/climaxrosario.com\/web\/wp-json\/wp\/v2\/comments?post=3242"}],"version-history":[{"count":6,"href":"https:\/\/climaxrosario.com\/web\/wp-json\/wp\/v2\/pages\/3242\/revisions"}],"predecessor-version":[{"id":3367,"href":"https:\/\/climaxrosario.com\/web\/wp-json\/wp\/v2\/pages\/3242\/revisions\/3367"}],"wp:attachment":[{"href":"https:\/\/climaxrosario.com\/web\/wp-json\/wp\/v2\/media?parent=3242"}],"curies":[{"name":"wp","href":"https:\/\/api.w.org\/{rel}","templated":true}]}}